{"id":4328,"date":"2022-08-11T16:41:24","date_gmt":"2022-08-11T16:41:24","guid":{"rendered":"https:\/\/almesan.optimumyazilim.com\/EN\/?page_id=4328"},"modified":"2024-05-27T12:53:49","modified_gmt":"2024-05-27T09:53:49","slug":"surdurulebilirlik-yonetimi-2","status":"publish","type":"page","link":"https:\/\/www.almesan.com.tr\/IT\/?page_id=4328","title":{"rendered":"Gestione della sostenibilit\u00e0"},"content":{"rendered":"<p><img loading=\"lazy\" decoding=\"async\" class=\"wp-image-4844 size-full alignright\" src=\"https:\/\/almesan.optimumyazilim.com\/EN\/wp-content\/uploads\/2022\/08\/surdurebilirlik.png\" alt=\"\" width=\"320\" height=\"103\" srcset=\"https:\/\/www.almesan.com.tr\/IT\/wp-content\/uploads\/2022\/08\/surdurebilirlik.png 320w, https:\/\/www.almesan.com.tr\/IT\/wp-content\/uploads\/2022\/08\/surdurebilirlik-300x97.png 300w\" sizes=\"auto, (max-width: 320px) 100vw, 320px\" \/><\/p>\n<p>&nbsp;<\/p>\n<p>&nbsp;<\/p>\n<h4>Struttura di governo<\/h4>\n<p>Rivolgendosi a diversi gruppi di clienti nel mercato globale, Almesan Aluminium ha fatto del concetto di sostenibilit\u00e0 una parte della sua gestione aziendale in linea con le condizioni competitive. Il Piano strategico di sostenibilit\u00e0 2025 \u00e8 stato preparato dal comitato per la sostenibilit\u00e0.<\/p>\n<p>Il Comitato per la sostenibilit\u00e0 svolge le proprie attivit\u00e0 sotto la presidenza del Direttore generale. La presentazione e la valutazione delle relazioni del Comitato al Consiglio di amministrazione in periodi specifici sono a cura del Direttore generale.<\/p>\n<p>Il coordinamento del Comitato \u00e8 assicurato dal Esecutivo per la sostenibilit\u00e0. Il Comitato pu\u00f2 comprendere uno o, se necessario, pi\u00f9 rappresentanti di diversi dipartimenti in relazione alle materie di lavoro. Il Comitato comprende persone che parteciperanno ai sistemi di gestione, alle risorse umane e agli affari amministrativi, al comitato di gestione dell&#8217;energia, alla salute e alla sicurezza sul lavoro, all&#8217;ambiente, alla sicurezza delle informazioni, all&#8217;efficienza e all&#8217;audit interno. \u00c8 possibile che pi\u00f9 di una materia venga svolta da una sola persona.<\/p>\n","protected":false},"excerpt":{"rendered":"<p>&nbsp; &nbsp; Struttura di governo Rivolgendosi a diversi gruppi di clienti nel mercato globale, Almesan Aluminium ha fatto del concetto di sostenibilit\u00e0 una parte della sua gestione aziendale in linea con le condizioni competitive. Il Piano strategico di sostenibilit\u00e0 2025 \u00e8 stato preparato dal comitato per la sostenibilit\u00e0. Il Comitato per la sostenibilit\u00e0 svolge le&#8230; <\/p>\n<div class=\"clear\"><\/div>\n<p><a href=\"https:\/\/www.almesan.com.tr\/IT\/?page_id=4328\" class=\"excerpt-read-more\">Learn More<i class=\"fa fa-angle-double-right icon-double-angle-right\"><\/i><\/a><\/p>\n","protected":false},"author":1,"featured_media":0,"parent":0,"menu_order":0,"comment_status":"closed","ping_status":"closed","template":"","meta":{"footnotes":""},"class_list":["post-4328","page","type-page","status-publish","hentry"],"_links":{"self":[{"href":"https:\/\/www.almesan.com.tr\/IT\/index.php?rest_route=\/wp\/v2\/pages\/4328","targetHints":{"allow":["GET"]}}],"collection":[{"href":"https:\/\/www.almesan.com.tr\/IT\/index.php?rest_route=\/wp\/v2\/pages"}],"about":[{"href":"https:\/\/www.almesan.com.tr\/IT\/index.php?rest_route=\/wp\/v2\/types\/page"}],"author":[{"embeddable":true,"href":"https:\/\/www.almesan.com.tr\/IT\/index.php?rest_route=\/wp\/v2\/users\/1"}],"replies":[{"embeddable":true,"href":"https:\/\/www.almesan.com.tr\/IT\/index.php?rest_route=%2Fwp%2Fv2%2Fcomments&post=4328"}],"version-history":[{"count":10,"href":"https:\/\/www.almesan.com.tr\/IT\/index.php?rest_route=\/wp\/v2\/pages\/4328\/revisions"}],"predecessor-version":[{"id":5596,"href":"https:\/\/www.almesan.com.tr\/IT\/index.php?rest_route=\/wp\/v2\/pages\/4328\/revisions\/5596"}],"wp:attachment":[{"href":"https:\/\/www.almesan.com.tr\/IT\/index.php?rest_route=%2Fwp%2Fv2%2Fmedia&parent=4328"}],"curies":[{"name":"wp","href":"https:\/\/api.w.org\/{rel}","templated":true}]}}