{"id":4118,"date":"2022-07-31T19:43:43","date_gmt":"2022-07-31T19:43:43","guid":{"rendered":"https:\/\/almesan.optimumyazilim.com\/EN\/?page_id=4118"},"modified":"2026-02-10T17:41:00","modified_gmt":"2026-02-10T14:41:00","slug":"surdurulebilirlik-raporu","status":"publish","type":"page","link":"https:\/\/www.almesan.com.tr\/IT\/?page_id=4118","title":{"rendered":"Rapporto di sostenibilit\u00e0"},"content":{"rendered":"<p><img loading=\"lazy\" decoding=\"async\" class=\"alignright wp-image-4825 size-full\" src=\"https:\/\/almesan.optimumyazilim.com\/EN\/wp-content\/uploads\/2022\/08\/surdulebilirlikraporu.jpg\" alt=\"\" width=\"97\" height=\"50\" \/><br \/>\n<a href=\"https:\/\/www.almesan.com.tr\/IT\/wp-content\/uploads\/2023\/04\/Almesan-SR21-English.pdf\">Rapporto di sostenibilit\u00e0 2021<\/a><\/p>\n<p><a href=\"https:\/\/www.almesan.com.tr\/IT\/wp-content\/uploads\/2023\/05\/Almesan-SR22_EN.pdf\">Rapporto di sostenibilit\u00e0 2022<\/a><\/p>\n<p><a href=\"https:\/\/www.almesan.com.tr\/IT\/wp-content\/uploads\/2024\/07\/Almesan-SR23_EN.pdf\">Rapporto di sostenibilit\u00e0 2023<\/a><\/p>\n<p><a href=\"https:\/\/www.almesan.com.tr\/IT\/wp-content\/uploads\/2026\/02\/Almesan-SR24_EN-1.pdf\">Rapporto di sostenibilit\u00e0 2024<\/a><\/p>\n<p>&nbsp;<\/p>\n","protected":false},"excerpt":{"rendered":"<p>Rapporto di sostenibilit\u00e0 2021 Rapporto di sostenibilit\u00e0 2022 Rapporto di sostenibilit\u00e0 2023 Rapporto di sostenibilit\u00e0 2024 &nbsp;<\/p>\n","protected":false},"author":1,"featured_media":5462,"parent":0,"menu_order":0,"comment_status":"closed","ping_status":"closed","template":"","meta":{"footnotes":""},"class_list":["post-4118","page","type-page","status-publish","has-post-thumbnail","hentry"],"_links":{"self":[{"href":"https:\/\/www.almesan.com.tr\/IT\/index.php?rest_route=\/wp\/v2\/pages\/4118","targetHints":{"allow":["GET"]}}],"collection":[{"href":"https:\/\/www.almesan.com.tr\/IT\/index.php?rest_route=\/wp\/v2\/pages"}],"about":[{"href":"https:\/\/www.almesan.com.tr\/IT\/index.php?rest_route=\/wp\/v2\/types\/page"}],"author":[{"embeddable":true,"href":"https:\/\/www.almesan.com.tr\/IT\/index.php?rest_route=\/wp\/v2\/users\/1"}],"replies":[{"embeddable":true,"href":"https:\/\/www.almesan.com.tr\/IT\/index.php?rest_route=%2Fwp%2Fv2%2Fcomments&post=4118"}],"version-history":[{"count":10,"href":"https:\/\/www.almesan.com.tr\/IT\/index.php?rest_route=\/wp\/v2\/pages\/4118\/revisions"}],"predecessor-version":[{"id":5793,"href":"https:\/\/www.almesan.com.tr\/IT\/index.php?rest_route=\/wp\/v2\/pages\/4118\/revisions\/5793"}],"wp:featuredmedia":[{"embeddable":true,"href":"https:\/\/www.almesan.com.tr\/IT\/index.php?rest_route=\/wp\/v2\/media\/5462"}],"wp:attachment":[{"href":"https:\/\/www.almesan.com.tr\/IT\/index.php?rest_route=%2Fwp%2Fv2%2Fmedia&parent=4118"}],"curies":[{"name":"wp","href":"https:\/\/api.w.org\/{rel}","templated":true}]}}