{"id":4116,"date":"2022-07-31T19:43:20","date_gmt":"2022-07-31T19:43:20","guid":{"rendered":"https:\/\/almesan.optimumyazilim.com\/EN\/?page_id=4116"},"modified":"2024-08-20T20:57:17","modified_gmt":"2024-08-20T17:57:17","slug":"sosyal-sorumluluk","status":"publish","type":"page","link":"https:\/\/www.almesan.com.tr\/IT\/?page_id=4116","title":{"rendered":"Responsabilit\u00e0 sociale"},"content":{"rendered":"<p>Almesan Aluminium svolge le sue attivit\u00e0 di responsabilit\u00e0 sociale contribuendo ai progetti, alle iniziative e alle attivit\u00e0 di responsabilit\u00e0 sociale sostenute da Sel\u00e7uklu Holding, di cui \u00e8 membro.<\/p>\n<p>\u00c8 possibile raggiungere i progetti di responsabilit\u00e0 sociale a cui Almesan Aluminium contribuisce <a href=\"https:\/\/www.mustafaoncelvakfi.org\">cliccando qui.<\/a><\/p>\n<p>Potete <a href=\"https:\/\/www.almesan.com.tr\/IT\/?page_id=4501\">cliccare qui<\/a> per ottenere informazioni sulle attivit\u00e0 di \u00a0Accademia di Almesan.<\/p>\n<p>&nbsp;<\/p>\n","protected":false},"excerpt":{"rendered":"<p>Almesan Aluminium svolge le sue attivit\u00e0 di responsabilit\u00e0 sociale contribuendo ai progetti, alle iniziative e alle attivit\u00e0 di responsabilit\u00e0 sociale sostenute da Sel\u00e7uklu Holding, di cui \u00e8 membro. \u00c8 possibile raggiungere i progetti di responsabilit\u00e0 sociale a cui Almesan Aluminium contribuisce cliccando qui. Potete cliccare qui per ottenere informazioni sulle attivit\u00e0 di \u00a0Accademia di Almesan&#8230;. <\/p>\n<div class=\"clear\"><\/div>\n<p><a href=\"https:\/\/www.almesan.com.tr\/IT\/?page_id=4116\" class=\"excerpt-read-more\">Learn More<i class=\"fa fa-angle-double-right icon-double-angle-right\"><\/i><\/a><\/p>\n","protected":false},"author":1,"featured_media":0,"parent":0,"menu_order":0,"comment_status":"closed","ping_status":"closed","template":"","meta":{"footnotes":""},"class_list":["post-4116","page","type-page","status-publish","hentry"],"_links":{"self":[{"href":"https:\/\/www.almesan.com.tr\/IT\/index.php?rest_route=\/wp\/v2\/pages\/4116","targetHints":{"allow":["GET"]}}],"collection":[{"href":"https:\/\/www.almesan.com.tr\/IT\/index.php?rest_route=\/wp\/v2\/pages"}],"about":[{"href":"https:\/\/www.almesan.com.tr\/IT\/index.php?rest_route=\/wp\/v2\/types\/page"}],"author":[{"embeddable":true,"href":"https:\/\/www.almesan.com.tr\/IT\/index.php?rest_route=\/wp\/v2\/users\/1"}],"replies":[{"embeddable":true,"href":"https:\/\/www.almesan.com.tr\/IT\/index.php?rest_route=%2Fwp%2Fv2%2Fcomments&post=4116"}],"version-history":[{"count":10,"href":"https:\/\/www.almesan.com.tr\/IT\/index.php?rest_route=\/wp\/v2\/pages\/4116\/revisions"}],"predecessor-version":[{"id":5724,"href":"https:\/\/www.almesan.com.tr\/IT\/index.php?rest_route=\/wp\/v2\/pages\/4116\/revisions\/5724"}],"wp:attachment":[{"href":"https:\/\/www.almesan.com.tr\/IT\/index.php?rest_route=%2Fwp%2Fv2%2Fmedia&parent=4116"}],"curies":[{"name":"wp","href":"https:\/\/api.w.org\/{rel}","templated":true}]}}