{"id":4112,"date":"2022-07-31T19:42:45","date_gmt":"2022-07-31T19:42:45","guid":{"rendered":"https:\/\/almesan.optimumyazilim.com\/EN\/?page_id=4112"},"modified":"2024-08-20T20:55:09","modified_gmt":"2024-08-20T17:55:09","slug":"eco2all","status":"publish","type":"page","link":"https:\/\/www.almesan.com.tr\/IT\/?page_id=4112","title":{"rendered":"ECO2ALL"},"content":{"rendered":"<p style=\"text-align: center;\"><strong><img loading=\"lazy\" decoding=\"async\" class=\"alignright wp-image-4822 size-full\" src=\"https:\/\/almesan.com.tr\/EN\/wp-content\/uploads\/2022\/08\/eco.png\" alt=\"\" width=\"152\" height=\"50\" srcset=\"https:\/\/www.almesan.com.tr\/IT\/wp-content\/uploads\/2022\/08\/eco.png 152w, https:\/\/www.almesan.com.tr\/IT\/wp-content\/uploads\/2022\/08\/eco-150x50.png 150w\" sizes=\"auto, (max-width: 152px) 100vw, 152px\" \/><br \/>\n<a href=\"https:\/\/www.almesan.com.tr\/IT\/wp-content\/uploads\/2024\/07\/eco2allapple-2-1.png\"><img loading=\"lazy\" decoding=\"async\" class=\"alignnone wp-image-5706 size-full\" src=\"https:\/\/www.almesan.com.tr\/IT\/wp-content\/uploads\/2024\/07\/eco2allapple-2-1.png\" alt=\"\" width=\"977\" height=\"381\" srcset=\"https:\/\/www.almesan.com.tr\/IT\/wp-content\/uploads\/2024\/07\/eco2allapple-2-1.png 977w, https:\/\/www.almesan.com.tr\/IT\/wp-content\/uploads\/2024\/07\/eco2allapple-2-1-300x117.png 300w, https:\/\/www.almesan.com.tr\/IT\/wp-content\/uploads\/2024\/07\/eco2allapple-2-1-768x299.png 768w\" sizes=\"auto, (max-width: 977px) 100vw, 977px\" \/><\/a><br \/>\n<\/strong><\/p>\n<p>&nbsp;<\/p>\n<p><img loading=\"lazy\" decoding=\"async\" class=\"alignleft wp-image-4632 size-thumbnail\" src=\"https:\/\/almesan.com.tr\/EN\/wp-content\/uploads\/2022\/08\/akademik-150x150.jpg\" alt=\"\" width=\"150\" height=\"150\" srcset=\"https:\/\/www.almesan.com.tr\/IT\/wp-content\/uploads\/2022\/08\/akademik-150x150.jpg 150w, https:\/\/www.almesan.com.tr\/IT\/wp-content\/uploads\/2022\/08\/akademik.jpg 165w\" sizes=\"auto, (max-width: 150px) 100vw, 150px\" \/><strong><br \/>\n<\/strong><\/p>\n<p><strong>Cooperazione accademica<\/strong><\/p>\n<p>Lo sviluppo delle serie di leghe mirate viene effettuato in collaborazione con i dipartimenti di ingegneria dei materiali delle principali universit\u00e0 turche.<\/p>\n<p><img loading=\"lazy\" decoding=\"async\" class=\"alignnone wp-image-4646 size-large\" src=\"https:\/\/www.almesan.com.tr\/IT\/wp-content\/uploads\/2022\/08\/sasas-e1661677258488-1024x146.jpg\" alt=\"\" width=\"960\" height=\"137\" srcset=\"https:\/\/www.almesan.com.tr\/IT\/wp-content\/uploads\/2022\/08\/sasas-e1661677258488-1024x146.jpg 1024w, https:\/\/www.almesan.com.tr\/IT\/wp-content\/uploads\/2022\/08\/sasas-e1661677258488-300x43.jpg 300w, https:\/\/www.almesan.com.tr\/IT\/wp-content\/uploads\/2022\/08\/sasas-e1661677258488-768x109.jpg 768w, https:\/\/www.almesan.com.tr\/IT\/wp-content\/uploads\/2022\/08\/sasas-e1661677258488.jpg 1200w\" sizes=\"auto, (max-width: 960px) 100vw, 960px\" \/><\/p>\n<p><img loading=\"lazy\" decoding=\"async\" class=\"alignright wp-image-4634 size-thumbnail\" src=\"https:\/\/almesan.com.tr\/EN\/wp-content\/uploads\/2022\/08\/bann3-150x150.png\" alt=\"\" width=\"150\" height=\"150\" srcset=\"https:\/\/www.almesan.com.tr\/IT\/wp-content\/uploads\/2022\/08\/bann3-150x150.png 150w, https:\/\/www.almesan.com.tr\/IT\/wp-content\/uploads\/2022\/08\/bann3-300x300.png 300w, https:\/\/www.almesan.com.tr\/IT\/wp-content\/uploads\/2022\/08\/bann3.png 358w\" sizes=\"auto, (max-width: 150px) 100vw, 150px\" \/><\/p>\n<p><strong>Programma di sviluppo dei fornitori e della catena di fornitura<\/strong><\/p>\n<p>In Turchia, i fornitori che produrranno lingotti con riciclo della qualit\u00e0 desiderata sono sensibilizzati sulla qualit\u00e0 del prodotto, sulla continuit\u00e0 della catena di fornitura, sull&#8217;uso efficiente dell&#8217;energia e sulla bassa impronta di carbonio, e si impegnano per una catena di fornitura sostenibile.<\/p>\n<p><img loading=\"lazy\" decoding=\"async\" class=\"alignleft wp-image-4633 size-thumbnail\" src=\"https:\/\/almesan.com.tr\/EN\/wp-content\/uploads\/2022\/08\/bann2-150x150.png\" alt=\"\" width=\"150\" height=\"150\" srcset=\"https:\/\/www.almesan.com.tr\/IT\/wp-content\/uploads\/2022\/08\/bann2-150x150.png 150w, https:\/\/www.almesan.com.tr\/IT\/wp-content\/uploads\/2022\/08\/bann2-300x300.png 300w, https:\/\/www.almesan.com.tr\/IT\/wp-content\/uploads\/2022\/08\/bann2.png 358w\" sizes=\"auto, (max-width: 150px) 100vw, 150px\" \/><\/p>\n<p><strong>R&amp;S<\/strong><\/p>\n<p>La progettazione dei materiali e delle leghe, la progettazione del processo produttivo in conformit\u00e0 alle specifiche tecniche, la determinazione delle gamme e delle capacit\u00e0 dei prodotti, i test e gli studi di convalida vengono effettuati presso Almesan \u0130VME.<\/p>\n<p><img loading=\"lazy\" decoding=\"async\" class=\"alignright wp-image-4635 size-thumbnail\" src=\"https:\/\/almesan.com.tr\/EN\/wp-content\/uploads\/2022\/08\/bann4-150x150.png\" alt=\"\" width=\"150\" height=\"150\" srcset=\"https:\/\/www.almesan.com.tr\/IT\/wp-content\/uploads\/2022\/08\/bann4-150x150.png 150w, https:\/\/www.almesan.com.tr\/IT\/wp-content\/uploads\/2022\/08\/bann4-300x300.png 300w, https:\/\/www.almesan.com.tr\/IT\/wp-content\/uploads\/2022\/08\/bann4.png 358w\" sizes=\"auto, (max-width: 150px) 100vw, 150px\" \/><strong><br \/>\n<\/strong><\/p>\n<p><strong>Conformit\u00e0 al prodotto finale<\/strong><\/p>\n<p><strong>I <\/strong>dischi ECO2ALL, prodotti con materiali riciclabili al 100% e con una bassa impronta di carbonio, vengono trasformati in utensili da cucina e le loro prestazioni come prodotto finale vengono esaminate eseguendo test di resistenza a breve e lungo termine.<\/p>\n<p><strong><a href=\"https:\/\/www.almesan.com.tr\/IT\/wp-content\/uploads\/2022\/09\/Ecoban6.png\"><img loading=\"lazy\" decoding=\"async\" class=\"wp-image-5356 size-thumbnail alignleft\" src=\"https:\/\/www.almesan.com.tr\/IT\/wp-content\/uploads\/2022\/09\/Ecoban6-150x150.png\" alt=\"\" width=\"150\" height=\"150\" srcset=\"https:\/\/www.almesan.com.tr\/IT\/wp-content\/uploads\/2022\/09\/Ecoban6-150x150.png 150w, https:\/\/www.almesan.com.tr\/IT\/wp-content\/uploads\/2022\/09\/Ecoban6-300x300.png 300w, https:\/\/www.almesan.com.tr\/IT\/wp-content\/uploads\/2022\/09\/Ecoban6.png 358w\" sizes=\"auto, (max-width: 150px) 100vw, 150px\" \/><\/a><br \/>\n<\/strong><\/p>\n<p><strong>Dichiarazione di conformit\u00e0 del prodotto<\/strong><\/p>\n<p>Le dichiarazioni di conformit\u00e0 dei prodotti ECO2ALL sono state redatte da Almesan Aluminium in conformit\u00e0 alla norma ISO 14021:2016 Etichette e dichiarazioni ambientali. <a href=\"https:\/\/www.almesan.com.tr\/IT\/wp-content\/uploads\/2024\/07\/ECO2ALL-DoC-July-24.pdf\">Cliccare <\/a> qui per i dettagli della dichiarazione.<\/p>\n<p><a href=\"https:\/\/www.almesan.com.tr\/IT\/wp-content\/uploads\/2022\/09\/ECO2ALL-DoC-Aug.22.pdf\" target=\"_blank\" rel=\"noopener\"><img loading=\"lazy\" decoding=\"async\" class=\"alignnone wp-image-4648 size-large\" src=\"https:\/\/www.almesan.com.tr\/IT\/wp-content\/uploads\/2022\/08\/Adsiz-4ds-1024x146.png\" alt=\"\" width=\"960\" height=\"137\" srcset=\"https:\/\/www.almesan.com.tr\/IT\/wp-content\/uploads\/2022\/08\/Adsiz-4ds-1024x146.png 1024w, https:\/\/www.almesan.com.tr\/IT\/wp-content\/uploads\/2022\/08\/Adsiz-4ds-300x43.png 300w, https:\/\/www.almesan.com.tr\/IT\/wp-content\/uploads\/2022\/08\/Adsiz-4ds-768x109.png 768w, https:\/\/www.almesan.com.tr\/IT\/wp-content\/uploads\/2022\/08\/Adsiz-4ds.png 1200w\" sizes=\"auto, (max-width: 960px) 100vw, 960px\" \/><\/a><\/p>\n<p><img loading=\"lazy\" decoding=\"async\" class=\"alignright wp-image-4637 size-thumbnail\" src=\"https:\/\/almesan.com.tr\/EN\/wp-content\/uploads\/2022\/08\/bann5-150x150.png\" alt=\"\" width=\"150\" height=\"150\" srcset=\"https:\/\/www.almesan.com.tr\/IT\/wp-content\/uploads\/2022\/08\/bann5-150x150.png 150w, https:\/\/www.almesan.com.tr\/IT\/wp-content\/uploads\/2022\/08\/bann5-300x300.png 300w, https:\/\/www.almesan.com.tr\/IT\/wp-content\/uploads\/2022\/08\/bann5.png 358w\" sizes=\"auto, (max-width: 150px) 100vw, 150px\" \/><\/p>\n<p><strong>Audit indipendente<\/strong><\/p>\n<p>Il sistema di gestione dei prodotti ECO2ALL di Almesan Aluminium \u00e8 stato sottoposto a un audit da parte di Bureau Veritas, che ha riguardato la gestione delle forniture, la pianificazione, la produzione, la vendita, i processi di test e di valutazione, nonch\u00e9 il calcolo del tasso di riciclaggio e delle emissioni di gas a effetto serra; \u00e8 stata confermata la piena conformit\u00e0 del sistema di documentazione e registrazione e delle pratiche operative. <a href=\"https:\/\/www.almesan.com.tr\/IT\/wp-content\/uploads\/2024\/08\/ECO2ALL-Product-Management-Certificate-scaled-1.jpg\">Cliccare <\/a>qui per il relativo rapporto di audit.<\/p>\n","protected":false},"excerpt":{"rendered":"<p>&nbsp; Cooperazione accademica Lo sviluppo delle serie di leghe mirate viene effettuato in collaborazione con i dipartimenti di ingegneria dei materiali delle principali universit\u00e0 turche. Programma di sviluppo dei fornitori e della catena di fornitura In Turchia, i fornitori che produrranno lingotti con riciclo della qualit\u00e0 desiderata sono sensibilizzati sulla qualit\u00e0 del prodotto, sulla continuit\u00e0&#8230; <\/p>\n<div class=\"clear\"><\/div>\n<p><a href=\"https:\/\/www.almesan.com.tr\/IT\/?page_id=4112\" class=\"excerpt-read-more\">Learn More<i class=\"fa fa-angle-double-right icon-double-angle-right\"><\/i><\/a><\/p>\n","protected":false},"author":1,"featured_media":0,"parent":0,"menu_order":0,"comment_status":"closed","ping_status":"closed","template":"","meta":{"footnotes":""},"class_list":["post-4112","page","type-page","status-publish","hentry"],"_links":{"self":[{"href":"https:\/\/www.almesan.com.tr\/IT\/index.php?rest_route=\/wp\/v2\/pages\/4112","targetHints":{"allow":["GET"]}}],"collection":[{"href":"https:\/\/www.almesan.com.tr\/IT\/index.php?rest_route=\/wp\/v2\/pages"}],"about":[{"href":"https:\/\/www.almesan.com.tr\/IT\/index.php?rest_route=\/wp\/v2\/types\/page"}],"author":[{"embeddable":true,"href":"https:\/\/www.almesan.com.tr\/IT\/index.php?rest_route=\/wp\/v2\/users\/1"}],"replies":[{"embeddable":true,"href":"https:\/\/www.almesan.com.tr\/IT\/index.php?rest_route=%2Fwp%2Fv2%2Fcomments&post=4112"}],"version-history":[{"count":10,"href":"https:\/\/www.almesan.com.tr\/IT\/index.php?rest_route=\/wp\/v2\/pages\/4112\/revisions"}],"predecessor-version":[{"id":5723,"href":"https:\/\/www.almesan.com.tr\/IT\/index.php?rest_route=\/wp\/v2\/pages\/4112\/revisions\/5723"}],"wp:attachment":[{"href":"https:\/\/www.almesan.com.tr\/IT\/index.php?rest_route=%2Fwp%2Fv2%2Fmedia&parent=4112"}],"curies":[{"name":"wp","href":"https:\/\/api.w.org\/{rel}","templated":true}]}}