{"id":4108,"date":"2022-07-31T19:42:08","date_gmt":"2022-07-31T19:42:08","guid":{"rendered":"https:\/\/almesan.optimumyazilim.com\/EN\/?page_id=4108"},"modified":"2024-07-20T14:44:06","modified_gmt":"2024-07-20T11:44:06","slug":"surdurulebilirlik-onceliklerimiz","status":"publish","type":"page","link":"https:\/\/www.almesan.com.tr\/IT\/?page_id=4108","title":{"rendered":"Le Nostre Priorit\u00e0 Di Sostenibilit\u00e0"},"content":{"rendered":"<p><img loading=\"lazy\" decoding=\"async\" class=\"alignright wp-image-4844 size-full\" src=\"https:\/\/almesan.com.tr\/EN\/wp-content\/uploads\/2022\/08\/surdurebilirlik.png\" alt=\"\" width=\"320\" height=\"103\" srcset=\"https:\/\/www.almesan.com.tr\/IT\/wp-content\/uploads\/2022\/08\/surdurebilirlik.png 320w, https:\/\/www.almesan.com.tr\/IT\/wp-content\/uploads\/2022\/08\/surdurebilirlik-300x97.png 300w\" sizes=\"auto, (max-width: 320px) 100vw, 320px\" \/><\/p>\n<ul>\n<li>I nostri riferimenti nel determinare le priorit\u00e0 di sostenibilit\u00e0<\/li>\n<li>Valori aziendali di Sel\u00e7uklu Holding<\/li>\n<li>Valori aziendali di Almesan Aluminium<\/li>\n<li>Feedback e aspettative dei nostri stakeholder<\/li>\n<li>Strategie della holding e dell&#8217;azienda<\/li>\n<li>Condizioni e aspettative del mercato<\/li>\n<li>Obblighi istituzionali e legali<\/li>\n<li>Accordo verde dell&#8217;UE<\/li>\n<li>Patto globale delle Nazioni Unite<\/li>\n<li>Obiettivi di sviluppo sostenibile delle Nazioni Unite<\/li>\n<\/ul>\n<p>Priorit\u00e0 di sostenibilit\u00e0 di Almesan Aluminium \u00c8 stato determinato a quali SDGs le priorit\u00e0 di sostenibilit\u00e0 stabilite contribuiscono direttamente e indirettamente. L&#8217;analisi degli stakeholder e i feedback che abbiamo preparato\u00a0 hanno svolto un ruolo importante nella determinazione delle nostre priorit\u00e0.<\/p>\n<p>Anche i risultati del nostro sondaggio sulla sostenibilit\u00e0, completato con il feedback dei nostri clienti, dipendenti e rappresentanti degli stakeholder di Almesan Aluminium, hanno contribuito in modo significativo alla determinazione delle nostre priorit\u00e0. Per la creazione della nostra Matrice di Materialit\u00e0 e la determinazione delle metriche, sono stati utilizzati i documenti e i metodi raccomandati dal SASB.<\/p>\n<p>&nbsp;<\/p>\n<p>Le nostre priorit\u00e0 di sostenibilit\u00e0 sono le seguenti:<\/p>\n<p><span style=\"color: #000080;\"><strong> 1 Salute e sicurezza sul lavoro <\/strong>| 2 Gestione dei rischi |<strong>3 Gestione dell&#8217;energia <\/strong> | 4 Gestione dei rifiuti | <strong>5 Gestione dell&#8217;acqua <\/strong> | 6 Antidiscriminazione e pari opportunit\u00e0 | <strong>7 Emissioni di gas serra <\/strong> | Soddisfazione dei clienti | <strong>9 Qualit\u00e0 e sicurezza dei prodotti <\/strong> | 10 Anticorruzione <\/span>|<span style=\"color: #ffcc00;\"><strong><span style=\"color: ffc000;\">| 11 Gestione della sicurezza delle informazioni <\/span><\/strong><\/span>| <span style=\"color: #808000;\">12 Biodiversit\u00e0 <\/span>\u00a0|<span style=\"color: #ffcc00;\"><strong><span style=\"color: ffc000;\">13 Gestione degli approvvigionamenti <\/span> <\/strong><\/span>|<span style=\"color: #000080;\">14 R&amp;S e innovazione | <strong>15 Formazione e gestione delle competenze<\/strong> | 16 Comunicazione con gli stakeholder |<strong> | 17 Soddisfazione dei dipendenti <\/strong><\/span>|<span style=\"color: #ffcc00;\"> 18 Responsabilit\u00e0 sociale <\/span>|<\/p>\n<p>Durante la preparazione della Matrice di materialit\u00e0, sono state determinate tre classi: importante, molto importante e altamente importante. Esse sono identificate con tre colori diversi.<\/p>\n<p><a href=\"https:\/\/almesan.com.tr\/EN\/wp-content\/uploads\/2022\/08\/surdussr.jpg.png\"><img loading=\"lazy\" decoding=\"async\" class=\"size-full wp-image-4458 aligncenter\" src=\"https:\/\/almesan.com.tr\/EN\/wp-content\/uploads\/2022\/08\/surdussr.jpg.png\" alt=\"\" width=\"535\" height=\"523\" srcset=\"https:\/\/www.almesan.com.tr\/IT\/wp-content\/uploads\/2022\/08\/surdussr.jpg.png 535w, https:\/\/www.almesan.com.tr\/IT\/wp-content\/uploads\/2022\/08\/surdussr.jpg-300x293.png 300w\" sizes=\"auto, (max-width: 535px) 100vw, 535px\" \/><\/a><\/p>\n<p>Durante la valutazione, in alcuni casi, sono stati presi i valori medi dei punteggi da 1 a 4. In alcuni casi, per rendere la valutazione pi\u00f9 chiara, sono stati utilizzati 100 punti pieni. La matrice \u00e8 stata trasformata in un grafico su 100 punti pieni convertendo altri criteri di valutazione.<\/p>\n<p><a href=\"https:\/\/www.almesan.com.tr\/IT\/wp-content\/uploads\/2024\/07\/almsnpr.png\"><img loading=\"lazy\" decoding=\"async\" class=\"alignnone size-full wp-image-5671\" src=\"https:\/\/www.almesan.com.tr\/IT\/wp-content\/uploads\/2024\/07\/almsnpr.png\" alt=\"\" width=\"858\" height=\"780\" srcset=\"https:\/\/www.almesan.com.tr\/IT\/wp-content\/uploads\/2024\/07\/almsnpr.png 858w, https:\/\/www.almesan.com.tr\/IT\/wp-content\/uploads\/2024\/07\/almsnpr-300x273.png 300w, https:\/\/www.almesan.com.tr\/IT\/wp-content\/uploads\/2024\/07\/almsnpr-768x698.png 768w\" sizes=\"auto, (max-width: 858px) 100vw, 858px\" \/><\/a><\/p>\n<p>&nbsp;<\/p>\n<p>Le fasce di valutazione sono definite di seguito. Le valutazioni degli stakeholder sono state ridotte di 5 punti e i loro livelli di importanza sono stati aumentati.<\/p>\n<table width=\"1172\">\n<tbody>\n<tr>\n<td width=\"359\"><strong>\u00a0<\/strong><\/td>\n<td width=\"170\"><strong>Importante<\/strong><\/td>\n<td width=\"246\"><strong>Molto importante<\/strong><\/td>\n<td width=\"397\"><strong>Estremamente Importante<\/strong><\/td>\n<\/tr>\n<tr>\n<td width=\"359\"><strong>Almesan Al\u00fcminyum<\/strong><\/td>\n<td width=\"170\"><span style=\"color: #808000;\"><strong> <span style=\"color: 948a54;\">&gt; 55<\/span><\/strong><\/span><\/td>\n<td width=\"246\"><span style=\"color: #ffcc00;\"><strong> <span style=\"color: ffc000;\">55 &#8211; 65<\/span><\/strong><\/span><\/td>\n<td width=\"397\"><span style=\"color: #000080;\"><strong><span style=\"color: 000080;\">\u2264 65<\/span><\/strong><\/span><\/td>\n<\/tr>\n<tr>\n<td width=\"359\"><strong>Soggetti interessati<\/strong><\/td>\n<td width=\"170\"><span style=\"color: #808000;\"><strong> <span style=\"color: 948a54;\">&gt; 50<\/span><\/strong><\/span><\/td>\n<td width=\"246\"><span style=\"color: #ffcc00;\"><strong> <span style=\"color: ffc000;\">50 &#8211; 60<\/span><\/strong><\/span><\/td>\n<td width=\"397\"><span style=\"color: #000080;\"><strong><span style=\"color: 000080;\">\u2264\u00a0\u00a0 60<\/span><\/strong><\/span><\/td>\n<\/tr>\n<\/tbody>\n<\/table>\n<p>&nbsp;<\/p>\n","protected":false},"excerpt":{"rendered":"<p>I nostri riferimenti nel determinare le priorit\u00e0 di sostenibilit\u00e0 Valori aziendali di Sel\u00e7uklu Holding Valori aziendali di Almesan Aluminium Feedback e aspettative dei nostri stakeholder Strategie della holding e dell&#8217;azienda Condizioni e aspettative del mercato Obblighi istituzionali e legali Accordo verde dell&#8217;UE Patto globale delle Nazioni Unite Obiettivi di sviluppo sostenibile delle Nazioni Unite Priorit\u00e0&#8230; <\/p>\n<div class=\"clear\"><\/div>\n<p><a href=\"https:\/\/www.almesan.com.tr\/IT\/?page_id=4108\" class=\"excerpt-read-more\">Learn More<i class=\"fa fa-angle-double-right icon-double-angle-right\"><\/i><\/a><\/p>\n","protected":false},"author":1,"featured_media":0,"parent":0,"menu_order":0,"comment_status":"closed","ping_status":"closed","template":"","meta":{"footnotes":""},"class_list":["post-4108","page","type-page","status-publish","hentry"],"_links":{"self":[{"href":"https:\/\/www.almesan.com.tr\/IT\/index.php?rest_route=\/wp\/v2\/pages\/4108","targetHints":{"allow":["GET"]}}],"collection":[{"href":"https:\/\/www.almesan.com.tr\/IT\/index.php?rest_route=\/wp\/v2\/pages"}],"about":[{"href":"https:\/\/www.almesan.com.tr\/IT\/index.php?rest_route=\/wp\/v2\/types\/page"}],"author":[{"embeddable":true,"href":"https:\/\/www.almesan.com.tr\/IT\/index.php?rest_route=\/wp\/v2\/users\/1"}],"replies":[{"embeddable":true,"href":"https:\/\/www.almesan.com.tr\/IT\/index.php?rest_route=%2Fwp%2Fv2%2Fcomments&post=4108"}],"version-history":[{"count":10,"href":"https:\/\/www.almesan.com.tr\/IT\/index.php?rest_route=\/wp\/v2\/pages\/4108\/revisions"}],"predecessor-version":[{"id":5674,"href":"https:\/\/www.almesan.com.tr\/IT\/index.php?rest_route=\/wp\/v2\/pages\/4108\/revisions\/5674"}],"wp:attachment":[{"href":"https:\/\/www.almesan.com.tr\/IT\/index.php?rest_route=%2Fwp%2Fv2%2Fmedia&parent=4108"}],"curies":[{"name":"wp","href":"https:\/\/api.w.org\/{rel}","templated":true}]}}