{"id":4106,"date":"2022-07-31T19:14:40","date_gmt":"2022-07-31T19:14:40","guid":{"rendered":"https:\/\/almesan.optimumyazilim.com\/EN\/?page_id=4106"},"modified":"2024-08-20T20:48:39","modified_gmt":"2024-08-20T17:48:39","slug":"surdurulebilirlik-politikamiz","status":"publish","type":"page","link":"https:\/\/www.almesan.com.tr\/IT\/?page_id=4106","title":{"rendered":"La Nostra Politica di Sostenibilit\u00e0"},"content":{"rendered":"<p><img loading=\"lazy\" decoding=\"async\" class=\"alignnone wp-image-4444 size-large\" src=\"https:\/\/www.almesan.com.tr\/IT\/wp-content\/uploads\/2022\/08\/Surdurulebilirlik-Yonetimi-Sayfa-Ortasi-e1661179673207-1024x430.png\" alt=\"\" width=\"960\" height=\"403\" srcset=\"https:\/\/www.almesan.com.tr\/IT\/wp-content\/uploads\/2022\/08\/Surdurulebilirlik-Yonetimi-Sayfa-Ortasi-e1661179673207-1024x430.png 1024w, https:\/\/www.almesan.com.tr\/IT\/wp-content\/uploads\/2022\/08\/Surdurulebilirlik-Yonetimi-Sayfa-Ortasi-e1661179673207-300x126.png 300w, https:\/\/www.almesan.com.tr\/IT\/wp-content\/uploads\/2022\/08\/Surdurulebilirlik-Yonetimi-Sayfa-Ortasi-e1661179673207-768x322.png 768w, https:\/\/www.almesan.com.tr\/IT\/wp-content\/uploads\/2022\/08\/Surdurulebilirlik-Yonetimi-Sayfa-Ortasi-e1661179673207.png 1037w\" sizes=\"auto, (max-width: 960px) 100vw, 960px\" \/><br \/>\n<img loading=\"lazy\" decoding=\"async\" class=\"alignright wp-image-4448 size-medium\" src=\"https:\/\/www.almesan.com.tr\/IT\/wp-content\/uploads\/2022\/08\/Surdurulebilirlik-Header-Ustu-Logolar-TR-1-300x95.png\" alt=\"\" width=\"300\" height=\"95\" srcset=\"https:\/\/www.almesan.com.tr\/IT\/wp-content\/uploads\/2022\/08\/Surdurulebilirlik-Header-Ustu-Logolar-TR-1-300x95.png 300w, https:\/\/www.almesan.com.tr\/IT\/wp-content\/uploads\/2022\/08\/Surdurulebilirlik-Header-Ustu-Logolar-TR-1-768x243.png 768w, https:\/\/www.almesan.com.tr\/IT\/wp-content\/uploads\/2022\/08\/Surdurulebilirlik-Header-Ustu-Logolar-TR-1.png 1022w\" sizes=\"auto, (max-width: 300px) 100vw, 300px\" \/><\/p>\n<p>I Principi Globali delle Nazioni Unite si sovrappongono pienamente ai valori aziendali di Almesan Aluminium e i principi globali raccolti sotto le voci principali di diritti umani, standard lavorativi, ambiente e lotta alla corruzione sono sostenuti da Almesan Al\u00fcminyum.<\/p>\n<p>Sulla base dei Principi Globali delle Nazioni Unite, abbiamo identificato i temi a cui possiamo contribuire integrando gli Obiettivi di Sviluppo Sostenibile delle Nazioni Unite e il Green Deal dell&#8217;UE.<\/p>\n<p>In seguito agli errori commessi finora su scala globale e alle lezioni apprese, abbiamo adottato il principio &#8220;<strong>Cominciamo oggi per le generazioni future&#8221;<\/strong> per avviarci verso un futuro migliore e, su questa base, abbiamo suddiviso la nostra politica di sostenibilit\u00e0 in cinque gruppi principali.<\/p>\n<p>Rivolgendosi a diversi gruppi di clienti nel mercato globale, Almesan Al\u00fcminyum ha fatto del concetto di sostenibilit\u00e0 una parte della sua gestione aziendale in linea con le condizioni competitive. Il Piano strategico di sostenibilit\u00e0 2025 \u00e8 stato preparato dal comitato per la sostenibilit\u00e0.<\/p>\n<p><strong>Sostenibilit\u00e0 incentrata sugli stakeholder<\/strong><\/p>\n<p><a href=\"https:\/\/www.almesan.com.tr\/IT\/wp-content\/uploads\/2024\/08\/P1.png\"><img loading=\"lazy\" decoding=\"async\" class=\"alignnone size-full wp-image-5715\" src=\"https:\/\/www.almesan.com.tr\/IT\/wp-content\/uploads\/2024\/08\/P1.png\" alt=\"\" width=\"1079\" height=\"296\" srcset=\"https:\/\/www.almesan.com.tr\/IT\/wp-content\/uploads\/2024\/08\/P1.png 1079w, https:\/\/www.almesan.com.tr\/IT\/wp-content\/uploads\/2024\/08\/P1-300x82.png 300w, https:\/\/www.almesan.com.tr\/IT\/wp-content\/uploads\/2024\/08\/P1-1024x281.png 1024w, https:\/\/www.almesan.com.tr\/IT\/wp-content\/uploads\/2024\/08\/P1-768x211.png 768w\" sizes=\"auto, (max-width: 1079px) 100vw, 1079px\" \/><\/a><br \/>\nAdottiamo un approccio sostenibile con i nostri stakeholder come organizzazione che \u00e8 in costante comunicazione e cooperazione con i suoi stakeholder, ascolta le voci dei suoi stakeholder e si preoccupa del loro feedback.<\/p>\n<p><strong>Sostenibilit\u00e0 incentrata sui dipendenti<\/strong><\/p>\n<p><a href=\"https:\/\/www.almesan.com.tr\/IT\/wp-content\/uploads\/2024\/08\/P2.png\"><img loading=\"lazy\" decoding=\"async\" class=\"alignnone size-full wp-image-5716\" src=\"https:\/\/www.almesan.com.tr\/IT\/wp-content\/uploads\/2024\/08\/P2.png\" alt=\"\" width=\"1217\" height=\"434\" srcset=\"https:\/\/www.almesan.com.tr\/IT\/wp-content\/uploads\/2024\/08\/P2.png 1217w, https:\/\/www.almesan.com.tr\/IT\/wp-content\/uploads\/2024\/08\/P2-300x107.png 300w, https:\/\/www.almesan.com.tr\/IT\/wp-content\/uploads\/2024\/08\/P2-1024x365.png 1024w, https:\/\/www.almesan.com.tr\/IT\/wp-content\/uploads\/2024\/08\/P2-768x274.png 768w\" sizes=\"auto, (max-width: 1217px) 100vw, 1217px\" \/><\/a><br \/>\nIl nostro obiettivo \u00e8 quello di essere un&#8217;azienda che agisce con il principio fondamentale delle persone al primo posto in tutte le sue operazioni, che fornisce un ambiente di lavoro sano e sicuro ai suoi dipendenti, che sostiene la formazione per lo sviluppo delle competenze e delle prestazioni, che offre pari opportunit\u00e0 a tutti i dipendenti come un&#8217;azienda che ha eliminato la discriminazione e che aumenta continuamente la soddisfazione dei dipendenti e la fedelt\u00e0 all&#8217;azienda.<\/p>\n<p><strong>Sostenibilit\u00e0 incentrata sull&#8217;ambiente<\/strong><\/p>\n<p><a href=\"https:\/\/www.almesan.com.tr\/IT\/wp-content\/uploads\/2024\/08\/P3-1024x365-1.png\"><img loading=\"lazy\" decoding=\"async\" class=\"alignnone size-full wp-image-5717\" src=\"https:\/\/www.almesan.com.tr\/IT\/wp-content\/uploads\/2024\/08\/P3-1024x365-1.png\" alt=\"\" width=\"1024\" height=\"365\" srcset=\"https:\/\/www.almesan.com.tr\/IT\/wp-content\/uploads\/2024\/08\/P3-1024x365-1.png 1024w, https:\/\/www.almesan.com.tr\/IT\/wp-content\/uploads\/2024\/08\/P3-1024x365-1-300x107.png 300w, https:\/\/www.almesan.com.tr\/IT\/wp-content\/uploads\/2024\/08\/P3-1024x365-1-768x274.png 768w\" sizes=\"auto, (max-width: 1024px) 100vw, 1024px\" \/><\/a><br \/>\nContribuiamo alle questioni ambientali nelle nostre principali referenze con un approccio di sostenibilit\u00e0 che svolge le sue attivit\u00e0 in modo da proteggere l&#8217;ambiente, utilizza le risorse naturali in modo corretto ed efficiente e pianifica e sviluppa i suoi processi con obiettivi di bassa impronta di carbonio. Sosteniamo l&#8217;uso di materiali riciclabili e di fonti energetiche rinnovabili attraverso una gestione efficace dei materiali.<\/p>\n<p>Sostenibilit\u00e0 incentrata sul cliente<\/p>\n<p><a href=\"https:\/\/www.almesan.com.tr\/IT\/wp-content\/uploads\/2024\/08\/P4.png\"><img loading=\"lazy\" decoding=\"async\" class=\"alignnone size-full wp-image-5718\" src=\"https:\/\/www.almesan.com.tr\/IT\/wp-content\/uploads\/2024\/08\/P4.png\" alt=\"\" width=\"1168\" height=\"473\" srcset=\"https:\/\/www.almesan.com.tr\/IT\/wp-content\/uploads\/2024\/08\/P4.png 1168w, https:\/\/www.almesan.com.tr\/IT\/wp-content\/uploads\/2024\/08\/P4-300x121.png 300w, https:\/\/www.almesan.com.tr\/IT\/wp-content\/uploads\/2024\/08\/P4-1024x415.png 1024w, https:\/\/www.almesan.com.tr\/IT\/wp-content\/uploads\/2024\/08\/P4-768x311.png 768w\" sizes=\"auto, (max-width: 1168px) 100vw, 1168px\" \/><\/a><br \/>\nForniamo i nostri prodotti producendo e fornendo i nostri prodotti a un costo di valore adatto alle condizioni competitive del mercato globale. Soddisfiamo la qualit\u00e0 e la sicurezza dei prodotti al di sopra delle aspettative dei clienti con consegne puntuali. Puntiamo a un mercato sostenibile e alla soddisfazione dei clienti producendo con i nostri clienti un senso comune per tecniche di produzione e prodotti innovativi.<\/p>\n<p><strong>Sostenibilit\u00e0 orientata al futuro<\/strong><\/p>\n<p><a href=\"https:\/\/www.almesan.com.tr\/IT\/wp-content\/uploads\/2024\/08\/P5-1024x655-1.png\"><img loading=\"lazy\" decoding=\"async\" class=\"alignnone size-full wp-image-5719\" src=\"https:\/\/www.almesan.com.tr\/IT\/wp-content\/uploads\/2024\/08\/P5-1024x655-1.png\" alt=\"\" width=\"1024\" height=\"655\" srcset=\"https:\/\/www.almesan.com.tr\/IT\/wp-content\/uploads\/2024\/08\/P5-1024x655-1.png 1024w, https:\/\/www.almesan.com.tr\/IT\/wp-content\/uploads\/2024\/08\/P5-1024x655-1-300x192.png 300w, https:\/\/www.almesan.com.tr\/IT\/wp-content\/uploads\/2024\/08\/P5-1024x655-1-768x491.png 768w\" sizes=\"auto, (max-width: 1024px) 100vw, 1024px\" \/><\/a><\/p>\n<p>In quanto parte della societ\u00e0, siamo consapevoli delle nostre responsabilit\u00e0 nella vita al di l\u00e0 della produzione. Sosteniamo i progetti e i benefici sociali pianificati e realizzati all&#8217;interno della Holding. Contribuiamo allo sviluppo economico e sociale della societ\u00e0.<\/p>\n<p>Riconosciamo il valore della conoscenza e dell&#8217;esperienza, che rappresentano il pi\u00f9 importante potere competitivo. Puntiamo a far parte della societ\u00e0 dell&#8217;informazione con una gestione delle informazioni adeguatamente elaborata, sicura e appropriata. Investiamo in infrastrutture per gestire i dati in un ambiente digitale. Puntiamo a fornire nuovi prodotti e nuovi posti di lavoro attraverso la ricerca, lo sviluppo e l&#8217;innovazione, tenendo conto dell&#8217;ambiente e dei processi rispettosi dei dipendenti.<\/p>\n<p>Sosteniamo un mondo sostenibile per assicurare un futuro felice e vivibile alle generazioni di domani a cui affidiamo il presente.<\/p>\n","protected":false},"excerpt":{"rendered":"<p>I Principi Globali delle Nazioni Unite si sovrappongono pienamente ai valori aziendali di Almesan Aluminium e i principi globali raccolti sotto le voci principali di diritti umani, standard lavorativi, ambiente e lotta alla corruzione sono sostenuti da Almesan Al\u00fcminyum. Sulla base dei Principi Globali delle Nazioni Unite, abbiamo identificato i temi a cui possiamo contribuire&#8230; <\/p>\n<div class=\"clear\"><\/div>\n<p><a href=\"https:\/\/www.almesan.com.tr\/IT\/?page_id=4106\" class=\"excerpt-read-more\">Learn More<i class=\"fa fa-angle-double-right icon-double-angle-right\"><\/i><\/a><\/p>\n","protected":false},"author":1,"featured_media":0,"parent":0,"menu_order":0,"comment_status":"closed","ping_status":"closed","template":"","meta":{"footnotes":""},"class_list":["post-4106","page","type-page","status-publish","hentry"],"_links":{"self":[{"href":"https:\/\/www.almesan.com.tr\/IT\/index.php?rest_route=\/wp\/v2\/pages\/4106","targetHints":{"allow":["GET"]}}],"collection":[{"href":"https:\/\/www.almesan.com.tr\/IT\/index.php?rest_route=\/wp\/v2\/pages"}],"about":[{"href":"https:\/\/www.almesan.com.tr\/IT\/index.php?rest_route=\/wp\/v2\/types\/page"}],"author":[{"embeddable":true,"href":"https:\/\/www.almesan.com.tr\/IT\/index.php?rest_route=\/wp\/v2\/users\/1"}],"replies":[{"embeddable":true,"href":"https:\/\/www.almesan.com.tr\/IT\/index.php?rest_route=%2Fwp%2Fv2%2Fcomments&post=4106"}],"version-history":[{"count":10,"href":"https:\/\/www.almesan.com.tr\/IT\/index.php?rest_route=\/wp\/v2\/pages\/4106\/revisions"}],"predecessor-version":[{"id":5721,"href":"https:\/\/www.almesan.com.tr\/IT\/index.php?rest_route=\/wp\/v2\/pages\/4106\/revisions\/5721"}],"wp:attachment":[{"href":"https:\/\/www.almesan.com.tr\/IT\/index.php?rest_route=%2Fwp%2Fv2%2Fmedia&parent=4106"}],"curies":[{"name":"wp","href":"https:\/\/api.w.org\/{rel}","templated":true}]}}