{"id":4091,"date":"2022-07-31T18:43:40","date_gmt":"2022-07-31T18:43:40","guid":{"rendered":"https:\/\/almesan.optimumyazilim.com\/EN\/?page_id=4091"},"modified":"2024-07-15T19:15:09","modified_gmt":"2024-07-15T16:15:09","slug":"almesan-aluminyum","status":"publish","type":"page","link":"https:\/\/www.almesan.com.tr\/IT\/?page_id=4091","title":{"rendered":"Almesan Al\u00fcminyum"},"content":{"rendered":"<p>Almesan Al\u00fcminyum, che ha iniziato le sue attivit\u00e0 commerciali nel 1994, ha deciso di fare il suo primo investimento industriale nel 2008 e di proseguire con la sua identit\u00e0 di industriale. Acquistando completamente un impianto in Canada che produceva per importanti produttori automobilistici del Nord America, ha trasferito l&#8217;intero stabilimento nel sito produttivo situato nella Zona Industriale Organizzata di Arslanbey. Con un processo di messa in servizio di successo, ha iniziato le attivit\u00e0 di produzione dal 2009.<\/p>\n<p>Almesan Al\u00fcminyum, l&#8217;unica azienda in Turchia a possedere la tecnologia di colata a doppia cinghia nell&#8217;industria della fusione di alluminio, non solo \u00e8 leader nella produzione di lamelle e dischi nel settore dei prodotti piani in alluminio, ma nel 2018 ha completato il suo investimento che comprende una linea di colata continua con una larghezza di 1600 mm, oltre a linee di laminazione a freddo, ricottura, lavaggio-tensionamento, taglio longitudinale, taglio a lunghezza e presse, per rivolgersi a nuovi mercati.<\/p>\n<p><a href=\"https:\/\/www.almesan.com.tr\/IT\/wp-content\/uploads\/2024\/07\/unnamed-2048x1365-1.jpg\"><img loading=\"lazy\" decoding=\"async\" class=\"alignnone size-full wp-image-5647\" src=\"https:\/\/www.almesan.com.tr\/IT\/wp-content\/uploads\/2024\/07\/unnamed-2048x1365-1.jpg\" alt=\"\" width=\"2048\" height=\"1365\" srcset=\"https:\/\/www.almesan.com.tr\/IT\/wp-content\/uploads\/2024\/07\/unnamed-2048x1365-1.jpg 2048w, https:\/\/www.almesan.com.tr\/IT\/wp-content\/uploads\/2024\/07\/unnamed-2048x1365-1-300x200.jpg 300w, https:\/\/www.almesan.com.tr\/IT\/wp-content\/uploads\/2024\/07\/unnamed-2048x1365-1-1024x683.jpg 1024w, https:\/\/www.almesan.com.tr\/IT\/wp-content\/uploads\/2024\/07\/unnamed-2048x1365-1-768x512.jpg 768w, https:\/\/www.almesan.com.tr\/IT\/wp-content\/uploads\/2024\/07\/unnamed-2048x1365-1-1536x1024.jpg 1536w\" sizes=\"auto, (max-width: 2048px) 100vw, 2048px\" \/><\/a><\/p>\n<p>Almesan Al\u00fcminyum, l&#8217;unica azienda in Turchia a possedere la tecnologia di colata a doppia cinghia nell&#8217;industria della fusione di alluminio, non solo \u00e8 leader nella produzione di lamelle e dischi nel settore dei prodotti piani in alluminio, ma nel 2018 ha completato il suo investimento che comprende una linea di colata continua con una larghezza di 1600 mm, oltre a linee di laminazione a freddo, ricottura, lavaggio-tensionamento, taglio longitudinale, taglio a lunghezza e presse, per rivolgersi a nuovi mercati.<\/p>\n<h5><strong>Timeline<\/strong><\/h5>\n<p><a href=\"https:\/\/www.almesan.com.tr\/IT\/wp-content\/uploads\/2024\/07\/Almesan-SR23_IT.jpg\"><img loading=\"lazy\" decoding=\"async\" class=\"alignnone size-full wp-image-5645\" src=\"https:\/\/www.almesan.com.tr\/IT\/wp-content\/uploads\/2024\/07\/Almesan-SR23_IT.jpg\" alt=\"\" width=\"1280\" height=\"720\" srcset=\"https:\/\/www.almesan.com.tr\/IT\/wp-content\/uploads\/2024\/07\/Almesan-SR23_IT.jpg 1280w, https:\/\/www.almesan.com.tr\/IT\/wp-content\/uploads\/2024\/07\/Almesan-SR23_IT-300x169.jpg 300w, https:\/\/www.almesan.com.tr\/IT\/wp-content\/uploads\/2024\/07\/Almesan-SR23_IT-1024x576.jpg 1024w, https:\/\/www.almesan.com.tr\/IT\/wp-content\/uploads\/2024\/07\/Almesan-SR23_IT-768x432.jpg 768w\" sizes=\"auto, (max-width: 1280px) 100vw, 1280px\" \/><\/a><\/p>\n<p>&nbsp;<\/p>\n","protected":false},"excerpt":{"rendered":"<p>Almesan Al\u00fcminyum, che ha iniziato le sue attivit\u00e0 commerciali nel 1994, ha deciso di fare il suo primo investimento industriale nel 2008 e di proseguire con la sua identit\u00e0 di industriale. Acquistando completamente un impianto in Canada che produceva per importanti produttori automobilistici del Nord America, ha trasferito l&#8217;intero stabilimento nel sito produttivo situato nella&#8230; <\/p>\n<div class=\"clear\"><\/div>\n<p><a href=\"https:\/\/www.almesan.com.tr\/IT\/?page_id=4091\" class=\"excerpt-read-more\">Learn More<i class=\"fa fa-angle-double-right icon-double-angle-right\"><\/i><\/a><\/p>\n","protected":false},"author":1,"featured_media":4055,"parent":0,"menu_order":0,"comment_status":"closed","ping_status":"closed","template":"","meta":{"footnotes":""},"class_list":["post-4091","page","type-page","status-publish","has-post-thumbnail","hentry"],"_links":{"self":[{"href":"https:\/\/www.almesan.com.tr\/IT\/index.php?rest_route=\/wp\/v2\/pages\/4091","targetHints":{"allow":["GET"]}}],"collection":[{"href":"https:\/\/www.almesan.com.tr\/IT\/index.php?rest_route=\/wp\/v2\/pages"}],"about":[{"href":"https:\/\/www.almesan.com.tr\/IT\/index.php?rest_route=\/wp\/v2\/types\/page"}],"author":[{"embeddable":true,"href":"https:\/\/www.almesan.com.tr\/IT\/index.php?rest_route=\/wp\/v2\/users\/1"}],"replies":[{"embeddable":true,"href":"https:\/\/www.almesan.com.tr\/IT\/index.php?rest_route=%2Fwp%2Fv2%2Fcomments&post=4091"}],"version-history":[{"count":10,"href":"https:\/\/www.almesan.com.tr\/IT\/index.php?rest_route=\/wp\/v2\/pages\/4091\/revisions"}],"predecessor-version":[{"id":5648,"href":"https:\/\/www.almesan.com.tr\/IT\/index.php?rest_route=\/wp\/v2\/pages\/4091\/revisions\/5648"}],"wp:featuredmedia":[{"embeddable":true,"href":"https:\/\/www.almesan.com.tr\/IT\/index.php?rest_route=\/wp\/v2\/media\/4055"}],"wp:attachment":[{"href":"https:\/\/www.almesan.com.tr\/IT\/index.php?rest_route=%2Fwp%2Fv2%2Fmedia&parent=4091"}],"curies":[{"name":"wp","href":"https:\/\/api.w.org\/{rel}","templated":true}]}}