{"id":3986,"date":"2022-07-06T11:36:49","date_gmt":"2022-07-06T11:36:49","guid":{"rendered":"https:\/\/almesan.optimumyazilim.com\/EN\/?page_id=3986"},"modified":"2024-05-27T10:50:24","modified_gmt":"2024-05-27T07:50:24","slug":"yonetim-politikamiz","status":"publish","type":"page","link":"https:\/\/www.almesan.com.tr\/IT\/?page_id=3986","title":{"rendered":"La Nostra politica di gestione"},"content":{"rendered":"<p><img loading=\"lazy\" decoding=\"async\" class=\"size-full wp-image-4828 alignright\" src=\"https:\/\/www.almesan.com.tr\/IT\/wp-content\/uploads\/2022\/08\/yonetimpolitikamiz.png\" alt=\"\" width=\"156\" height=\"50\" \/><\/p>\n<p>&nbsp;<\/p>\n<p>&nbsp;<\/p>\n<p>Almesan Aluminium basa il suo modello di gestione creato per raggiungere l&#8217;obiettivo nel suo percorso di sostenibilit\u00e0 sulla base di un&#8217;accurata pianificazione e controllo.<\/p>\n<p>Il primo e principale obiettivo \u00e8 quello di essere un&#8217;azienda affidabile e rispettabile che rafforza la propria posizione sul mercato assicurando la soddisfazione dei propri clienti e garantendo al contempo la soddisfazione dei propri stakeholder. Nelle difficili condizioni competitive del mercato globale, Almesan Aluminium d\u00e0 sempre la priorit\u00e0 a rimanere al punto ottimale nella soddisfazione dei suoi stakeholder.<\/p>\n<p>Per Almesan Aluminium, qualit\u00e0 aziendale significa qualit\u00e0 dei prodotti e dei servizi al di sopra delle aspettative, diversit\u00e0 dei prodotti basata su innovazione e R&amp;S e un&#8217;infrastruttura di sistema gestionale sostenibile e migliorabile.<\/p>\n<p>I parametri pi\u00f9 importanti di questa infrastruttura sono il rispetto per le persone, il rispetto per l&#8217;ambiente e l&#8217;uso efficiente delle risorse giuste.<\/p>\n<p>Si basa sul rispetto per le persone, sulle regole etiche di Almesan Aluminium, sulla salute e sulla sicurezza dell&#8217;ambiente di lavoro e sui benefici prodotti per la societ\u00e0 attraverso gli investimenti sociali.<\/p>\n<p>L&#8217;importanza e il contributo dato alle attivit\u00e0 di istruzione e formazione per lo sviluppo di conoscenze e competenze \u00e8 il primo passo verso la sostenibilit\u00e0. Oltre all&#8217;importanza che attribuisce all&#8217;istruzione e alla formazione, Almesan Aluminium crea un ambiente motivante per i dipendenti a tutti i livelli, crea un ambiente in cui i dipendenti possono presentare liberamente i loro suggerimenti e incoraggia i suoi dipendenti a questo proposito.<\/p>\n<p>&nbsp;<\/p>\n<div class=\"gdlr-shortcode-wrapper\"><div class=\"gdlr-item gdlr-accordion-item style-1\"  ><div class=\"accordion-tab\" ><h4 class=\"accordion-title\" ><i class=\"icon-plus\" ><\/i><span>Politiche del sistema di gestione Almesan<\/span><\/h4><div class=\"accordion-content\"><ul>\n<li>In via prioritaria, tutte le attivit\u00e0 di Almesan Aluminium rispettano tutte le leggi, le normative e i regolamenti pertinenti, in particolare il quadro stabilito dalla Costituzione della Repubblica di Turchia. Tutti i tipi di idee e pratiche prodotte a beneficio del mondo e che rientrano nell&#8217;ambito di attivit\u00e0 di Almesan Aluminium sono gestite separatamente da Almesan Aluminium. Il sistema di qualit\u00e0 \u00e8 armonizzato con il sistema di qualit\u00e0 aziendale in un formato comprensibile e applicabile da tutte le parti interessate.<\/li>\n<li>Nel fissare obiettivi e traguardi, \u00e8 sempre fondamentale che siano compatibili con i principi fondanti di Almesan Aluminium. Affinch\u00e9 i traguardi e gli obiettivi siano realizzabili e ottimali, la loro attualit\u00e0 viene costantemente rivista.<\/li>\n<li>Il primo e principale obiettivo di Almesan Aluminium \u00e8 la soddisfazione sostenibile dei clienti e un sistema sostenibile basato sul beneficio comune con le altre parti interessate.<\/li>\n<li>Prodotti di qualit\u00e0 e tecnicamente adeguati sono la prima priorit\u00e0 per una soddisfazione sostenibile del cliente. Per soddisfare le aspettative dei clienti, le pratiche di prodotto e di produzione, compresi gli studi di R&amp;S e innovazione, fanno parte dell&#8217;agenda naturale.<\/li>\n<li>La sostenibilit\u00e0 del sistema di qualit\u00e0 aziendale \u00e8 garantita dall&#8217;identificazione dei potenziali di miglioramento del sistema e dal loro supporto con pratiche, dalla condivisione delle informazioni in tutti i campi di attivit\u00e0 e dalla sensibilizzazione alla qualit\u00e0 aziendale.<\/li>\n<li>L&#8217;approccio al cliente interno trova spazio nel sistema di qualit\u00e0 aziendale con la gestione ciclica di ogni attivit\u00e0 che si svolge nelle ricerche di mercato, nelle vendite, nella pianificazione, negli acquisti, nella produzione, nella spedizione e in seguito.Individuare e correggere gli errori, adottare misure preventive e apportare miglioramenti attraverso un&#8217;analisi accurata dei dati sono approcci che servono al nostro obiettivo di \u201cprodurre la cosa giusta al primo tentativo\u201d. Ci\u00f2 che si intende per \u201cfare bene la prima volta\u201d \u00e8 una rete di produzione e di prodotto sostenibile che assicura l&#8217;uso efficiente di tutte le risorse in Almesan Aluminium e fornisce condizioni economiche, ambientali e sociali ottimali con la partecipazione dei suoi stakeholder.<\/li>\n<li>I dipendenti sono gli stakeholder pi\u00f9 importanti di Almesan Aluminium. La responsabilit\u00e0 pi\u00f9 importante di Almesan Aluminium nei confronti dei propri dipendenti \u00e8 che tutti i dipendenti siano liberi di esprimere i propri suggerimenti, che siano incoraggiati a farlo e che venga creato l&#8217;ambiente motivazionale necessario per farlo.<\/li>\n<li>Per raggiungere l&#8217;obiettivo di zero infortuni sul lavoro e malattie professionali, i rischi vengono identificati e valutati con la partecipazione dei dipendenti e, grazie agli studi effettuati, vengono eliminati o ridotti a un livello accettabile. Ai dipendenti di Almesan Aluminium viene offerto un ambiente rassicurante in termini di salute e sicurezza sul lavoro. Un compito pionieristico \u00e8 svolto dalla condivisione di questi studi con altre parti interessate, in particolare con i fornitori, e dalla garanzia che questi temi siano messi all&#8217;ordine del giorno.<\/li>\n<li>La formazione, sia interna che esterna, \u00e8 lo strumento pi\u00f9 importante per la creazione della qualit\u00e0 aziendale, a cui Almesan Aluminium attribuisce grande importanza. L&#8217;efficacia di questioni come il miglioramento della consapevolezza della qualit\u00e0 aziendale, l&#8217;aumento della consapevolezza ambientale, il rafforzamento del posto dell&#8217;efficienza energetica nell&#8217;agenda, la garanzia della salute e della sicurezza sul lavoro possono essere raggiunti solo attraverso la formazione.<\/li>\n<li>Ci\u00f2 \u00e8 possibile attraverso un programma di formazione orientato a obiettivi e finalit\u00e0 definiti. Le risorse amministrative necessarie per tutti questi aspetti sono fornite da Almesan Aluminium.<\/li>\n<li>Oltre al concetto di sicurezza dei prodotti, la comprensione della qualit\u00e0 aziendale comprende anche elementi come l&#8217;ambiente, la salute e la sicurezza sul lavoro, l&#8217;energia e le emissioni di gas serra. Nelle decisioni di investimento, tutti questi elementi sono parametri che vengono valutati allo stesso modo. Nel caso di un nuovo impianto, di una linea di produzione, di un processo o dell&#8217;utilizzo di un materiale, gli effetti di tutti i fattori vengono analizzati in via prioritaria.<\/li>\n<li>La prevenzione dei rifiuti alla fonte e, se ci\u00f2 non \u00e8 possibile, la riduzione al minimo dell&#8217;inquinamento sono costantemente all&#8217;ordine del giorno. Inoltre, anche il contributo alla protezione delle risorse naturali e la valutazione dei potenziali di riutilizzo o recupero sono all&#8217;ordine del giorno di Almesan Aluminium.<br \/>\nL&#8217;uso efficiente delle risorse \u00e8 sostenuto sia nelle applicazioni interne che in quelle esterne.<\/li>\n<li>Nella preparazione dei progetti di miglioramento dell&#8217;efficienza, si tiene conto dell&#8217;uso di risorse energetiche rinnovabili e di una produzione a bassa impronta di carbonio. L&#8217;uso di materiali riciclati e l&#8217;approvvigionamento energetico da fonti rinnovabili sono parametri importanti per una produzione sostenibile. Almesan Aluminium utilizza questi parametri come criteri di valutazione anche per i lavori nell&#8217;ambito della propria produzione.<\/li>\n<li>I fornitori sono un altro importante stakeholder di Almesan Aluminium. Una cooperazione efficace a partire dalla fase di selezione dei fornitori contribuisce allo sviluppo di questi ultimi attraverso la condivisione di informazioni ed esperienze.<\/li>\n<li>Con la preparazione dei piani di emergenza, Almesan Aluminium \u00e8 pronta a proteggere l&#8217;ecosistema in cui \u00e8 coinvolta in caso di qualsiasi emergenza, compresi i disastri naturali.<\/li>\n<\/ul>\n<\/div><\/div><\/div><\/div>\n","protected":false},"excerpt":{"rendered":"<p>&nbsp; &nbsp; Almesan Aluminium basa il suo modello di gestione creato per raggiungere l&#8217;obiettivo nel suo percorso di sostenibilit\u00e0 sulla base di un&#8217;accurata pianificazione e controllo. Il primo e principale obiettivo \u00e8 quello di essere un&#8217;azienda affidabile e rispettabile che rafforza la propria posizione sul mercato assicurando la soddisfazione dei propri clienti e garantendo al&#8230; <\/p>\n<div class=\"clear\"><\/div>\n<p><a href=\"https:\/\/www.almesan.com.tr\/IT\/?page_id=3986\" class=\"excerpt-read-more\">Learn More<i class=\"fa fa-angle-double-right icon-double-angle-right\"><\/i><\/a><\/p>\n","protected":false},"author":1,"featured_media":0,"parent":0,"menu_order":0,"comment_status":"closed","ping_status":"closed","template":"","meta":{"footnotes":""},"class_list":["post-3986","page","type-page","status-publish","hentry","page_category-yonetim"],"_links":{"self":[{"href":"https:\/\/www.almesan.com.tr\/IT\/index.php?rest_route=\/wp\/v2\/pages\/3986","targetHints":{"allow":["GET"]}}],"collection":[{"href":"https:\/\/www.almesan.com.tr\/IT\/index.php?rest_route=\/wp\/v2\/pages"}],"about":[{"href":"https:\/\/www.almesan.com.tr\/IT\/index.php?rest_route=\/wp\/v2\/types\/page"}],"author":[{"embeddable":true,"href":"https:\/\/www.almesan.com.tr\/IT\/index.php?rest_route=\/wp\/v2\/users\/1"}],"replies":[{"embeddable":true,"href":"https:\/\/www.almesan.com.tr\/IT\/index.php?rest_route=%2Fwp%2Fv2%2Fcomments&post=3986"}],"version-history":[{"count":10,"href":"https:\/\/www.almesan.com.tr\/IT\/index.php?rest_route=\/wp\/v2\/pages\/3986\/revisions"}],"predecessor-version":[{"id":5590,"href":"https:\/\/www.almesan.com.tr\/IT\/index.php?rest_route=\/wp\/v2\/pages\/3986\/revisions\/5590"}],"wp:attachment":[{"href":"https:\/\/www.almesan.com.tr\/IT\/index.php?rest_route=%2Fwp%2Fv2%2Fmedia&parent=3986"}],"curies":[{"name":"wp","href":"https:\/\/api.w.org\/{rel}","templated":true}]}}