{"id":3980,"date":"2022-07-06T11:35:07","date_gmt":"2022-07-06T11:35:07","guid":{"rendered":"https:\/\/almesan.optimumyazilim.com\/EN\/?page_id=3980"},"modified":"2024-07-20T14:10:52","modified_gmt":"2024-07-20T11:10:52","slug":"selcuklu-holding","status":"publish","type":"page","link":"https:\/\/www.almesan.com.tr\/IT\/?page_id=3980","title":{"rendered":"Sel\u00e7uklu Holding"},"content":{"rendered":"<p><a href=\"https:\/\/www.selcukluholding.com.tr\" target=\"_blank\" rel=\"noopener\"><img loading=\"lazy\" decoding=\"async\" class=\"alignnone size-full wp-image-4414\" src=\"https:\/\/almesan.optimumyazilim.com\/EN\/wp-content\/uploads\/2022\/08\/Selcuklu-Holding-Sayfa-Ortasi.png\" alt=\"\" width=\"919\" height=\"295\" srcset=\"https:\/\/www.almesan.com.tr\/IT\/wp-content\/uploads\/2022\/08\/Selcuklu-Holding-Sayfa-Ortasi.png 919w, https:\/\/www.almesan.com.tr\/IT\/wp-content\/uploads\/2022\/08\/Selcuklu-Holding-Sayfa-Ortasi-300x96.png 300w, https:\/\/www.almesan.com.tr\/IT\/wp-content\/uploads\/2022\/08\/Selcuklu-Holding-Sayfa-Ortasi-768x247.png 768w\" sizes=\"auto, (max-width: 919px) 100vw, 919px\" \/><\/a><\/p>\n<p>Grazie a 50 anni di esperienza nel settore farmaceutico, Ecz. Fondata nel 1997 da Mustafa \u00d6ncel, uno dei farmacisti turchi di seconda generazione, Sel\u00e7uklu Holding ha la visione di &#8220;essere un passo avanti al cambiamento&#8221;.<\/p>\n<p>Sel\u00e7uklu Holding, che comprende otto societ\u00e0 in diversi settori con una struttura istituzionalizzata, mira a rispettare gli standard internazionali, lo sviluppo continuo e l&#8217;innovazione in tutte le sue attivit\u00e0.<\/p>\n<p>Sel\u00e7uklu Holding effettua investimenti con la consapevolezza della propria responsabilit\u00e0 sociale d&#8217;impresa e compie passi globali stabilendo partnership multinazionali.<\/p>\n<p>Oggi l&#8217;azienda opera principalmente nei settori della farmaceutica, delle tecnologie genetiche, dell&#8217;alluminio, dell&#8217;edilizia, della vendita al dettaglio, degli utensili da cucina, con particolare attenzione alla produzione e alla ricerca e sviluppo.<\/p>\n<p>Per informazioni pi\u00f9 dettagliate, visitate il sito <a href=\"https:\/\/www.selcukluholding.com.tr\/\">www.selcukluholding.com.tr.<\/a><\/p>\n","protected":false},"excerpt":{"rendered":"<p>Grazie a 50 anni di esperienza nel settore farmaceutico, Ecz. Fondata nel 1997 da Mustafa \u00d6ncel, uno dei farmacisti turchi di seconda generazione, Sel\u00e7uklu Holding ha la visione di &#8220;essere un passo avanti al cambiamento&#8221;. Sel\u00e7uklu Holding, che comprende otto societ\u00e0 in diversi settori con una struttura istituzionalizzata, mira a rispettare gli standard internazionali, lo&#8230; <\/p>\n<div class=\"clear\"><\/div>\n<p><a href=\"https:\/\/www.almesan.com.tr\/IT\/?page_id=3980\" class=\"excerpt-read-more\">Learn More<i class=\"fa fa-angle-double-right icon-double-angle-right\"><\/i><\/a><\/p>\n","protected":false},"author":1,"featured_media":0,"parent":0,"menu_order":0,"comment_status":"closed","ping_status":"closed","template":"","meta":{"footnotes":""},"class_list":["post-3980","page","type-page","status-publish","hentry","page_category-almesan"],"_links":{"self":[{"href":"https:\/\/www.almesan.com.tr\/IT\/index.php?rest_route=\/wp\/v2\/pages\/3980","targetHints":{"allow":["GET"]}}],"collection":[{"href":"https:\/\/www.almesan.com.tr\/IT\/index.php?rest_route=\/wp\/v2\/pages"}],"about":[{"href":"https:\/\/www.almesan.com.tr\/IT\/index.php?rest_route=\/wp\/v2\/types\/page"}],"author":[{"embeddable":true,"href":"https:\/\/www.almesan.com.tr\/IT\/index.php?rest_route=\/wp\/v2\/users\/1"}],"replies":[{"embeddable":true,"href":"https:\/\/www.almesan.com.tr\/IT\/index.php?rest_route=%2Fwp%2Fv2%2Fcomments&post=3980"}],"version-history":[{"count":10,"href":"https:\/\/www.almesan.com.tr\/IT\/index.php?rest_route=\/wp\/v2\/pages\/3980\/revisions"}],"predecessor-version":[{"id":5664,"href":"https:\/\/www.almesan.com.tr\/IT\/index.php?rest_route=\/wp\/v2\/pages\/3980\/revisions\/5664"}],"wp:attachment":[{"href":"https:\/\/www.almesan.com.tr\/IT\/index.php?rest_route=%2Fwp%2Fv2%2Fmedia&parent=3980"}],"curies":[{"name":"wp","href":"https:\/\/api.w.org\/{rel}","templated":true}]}}