{"id":3974,"date":"2022-07-06T11:34:10","date_gmt":"2022-07-06T11:34:10","guid":{"rendered":"https:\/\/almesan.optimumyazilim.com\/EN\/?page_id=3974"},"modified":"2024-05-29T11:29:25","modified_gmt":"2024-05-29T08:29:25","slug":"sosyal-sorumluluk-faaliyetleri","status":"publish","type":"page","link":"https:\/\/www.almesan.com.tr\/IT\/?page_id=3974","title":{"rendered":"INNOVAZIONE \/ R&#038;S"},"content":{"rendered":"<p><img loading=\"lazy\" decoding=\"async\" class=\"alignright wp-image-4819 size-full\" src=\"https:\/\/www.almesan.com.tr\/IT\/wp-content\/uploads\/2022\/08\/arge.png\" alt=\"\" width=\"274\" height=\"50\" \/><\/p>\n<p><img loading=\"lazy\" decoding=\"async\" class=\"aligncenter wp-image-4855 size-full\" src=\"https:\/\/www.almesan.com.tr\/IT\/wp-content\/uploads\/2022\/08\/Almesan-IVME-Duvar-Resmi.png\" alt=\"\" width=\"1031\" height=\"393\" srcset=\"https:\/\/www.almesan.com.tr\/IT\/wp-content\/uploads\/2022\/08\/Almesan-IVME-Duvar-Resmi.png 1031w, https:\/\/www.almesan.com.tr\/IT\/wp-content\/uploads\/2022\/08\/Almesan-IVME-Duvar-Resmi-300x114.png 300w, https:\/\/www.almesan.com.tr\/IT\/wp-content\/uploads\/2022\/08\/Almesan-IVME-Duvar-Resmi-1024x390.png 1024w, https:\/\/www.almesan.com.tr\/IT\/wp-content\/uploads\/2022\/08\/Almesan-IVME-Duvar-Resmi-768x293.png 768w\" sizes=\"auto, (max-width: 1031px) 100vw, 1031px\" \/><\/p>\n<p>&nbsp;<\/p>\n<p>Fin dalla sua fondazione, Almesan Aluminium Industry and Trade Inc. ha condotto studi intensivi sulla produzione di nuovi prodotti, sulla loro introduzione sul mercato e sull&#8217;applicazione di tecniche di produzione innovative alternative a quelle esistenti.<\/p>\n<p>In seguito a ci\u00f2, gli studi sul Centro di Ricerca e Sviluppo, nati come idea nel 2018, sono diventati una delle mosse strategiche del 2019 e fisicamente Almesan ha deciso un nuovo investimento.<\/p>\n<p>Il concetto di R&amp;S non \u00e8 presente solo nella vita aziendale, ma anche in tutte le fasi della vita come risultato dello sforzo degli esseri umani, che sono alla ricerca e al desiderio di imparare, per migliorare le proprie condizioni.<\/p>\n<p>Almesan Aluminium ha fatto della ricerca e sviluppo uno dei processi principali del suo sistema di gestione e ha definito il concetto di R&amp;S insieme ai concetti di innovazione ed efficienza. Almesan Aluminium ha fissato tre obiettivi strategici:<\/p>\n<ul>\n<li>\u00a0Diffondere una cultura della ricerca e dello sviluppo sostenibile in tutta l&#8217;azienda.<\/li>\n<li>\u00a0Incoraggiare un sistema di formazione che accresca lo sviluppo personale e le competenze dei dipendenti.<\/li>\n<li>\u00a0Processo decisionale basato su dati di processo misurabili, accurati e affidabili<\/li>\n<\/ul>\n<p>Il Centro per l&#8217;Innovazione e la Produttivit\u00e0 di Almesan (IVME) \u00e8 stato concepito con questi tre concetti che si incontrano sulla base dell&#8217;innovazione e della produttivit\u00e0.<\/p>\n<p><strong>Strategia e obiettivi di R&amp;S di Almesan Aluminium<\/strong><\/p>\n<p><img loading=\"lazy\" decoding=\"async\" class=\"alignleft wp-image-4861 size-full\" src=\"https:\/\/www.almesan.com.tr\/IT\/wp-content\/uploads\/2022\/08\/arge1-1.png\" alt=\"\" width=\"250\" height=\"250\" srcset=\"https:\/\/www.almesan.com.tr\/IT\/wp-content\/uploads\/2022\/08\/arge1-1.png 250w, https:\/\/www.almesan.com.tr\/IT\/wp-content\/uploads\/2022\/08\/arge1-1-150x150.png 150w\" sizes=\"auto, (max-width: 250px) 100vw, 250px\" \/><\/p>\n<ul>\n<li>Sviluppo di nuove tecnologie\/processi di produzione con l&#8217;obiettivo di alta qualit\u00e0 e basso costo<\/li>\n<li>Con i nuovi processi da sviluppare, lo sviluppo di prodotti che non possono essere realizzati nel nostro Paese con l&#8217;uso di materie prime diverse<\/li>\n<li>Creazione di valore aziendale basato sulla propriet\u00e0 intellettuale attraverso progetti di prodotti e processi originali, innovativi e a valore aggiunto<\/li>\n<li>Aumentare il contributo di R&amp;S e innovazione ai risultati finanziari di Almesan Aluminium.<\/li>\n<li>Dare priorit\u00e0 agli studi di R&amp;S di prodotti ad alto valore aggiunto nelle voci di esportazione<\/li>\n<li>Sviluppare il modello di cooperazione Universit\u00e0-Industria e garantire la continuit\u00e0 della cooperazione.<\/li>\n<li>Realizzare studi di successo fornendo i criteri di supporto necessari negli standard di R&amp;S riconosciuti a livello internazionale nei progetti di nuova concezione<\/li>\n<li>Partecipare a progetti sostenuti a livello nazionale e internazionale,<\/li>\n<li>Sviluppare prodotti, processi e metodi di produzione per soddisfare le esigenze delle societ\u00e0 del gruppo, realizzando progetti congiunti con Sel\u00e7uklu Holding.<\/li>\n<\/ul>\n<p><strong><img loading=\"lazy\" decoding=\"async\" class=\"alignright wp-image-4863 size-full\" src=\"https:\/\/www.almesan.com.tr\/IT\/wp-content\/uploads\/2022\/08\/arge2.png\" alt=\"\" width=\"250\" height=\"216\" \/><br \/>\n<\/strong><\/p>\n<p><strong>Materiale<\/strong><\/p>\n<p>Poich\u00e9 Almesan Aluminium dispone di due diverse tecnologie di colata continua, ha il vantaggio di rispondere alle diverse esigenze dei suoi clienti creando delle alternative. Si progettano leghe e propriet\u00e0 meccaniche specifiche per il cliente. Per la prima volta in Turchia, Almesan Aluminium ha prodotto piastre della serie 6xxx mediante colata continua.<\/p>\n<p>&nbsp;<\/p>\n<p style=\"text-align: left;\"><strong><img loading=\"lazy\" decoding=\"async\" class=\"alignleft wp-image-4865 size-full\" src=\"https:\/\/www.almesan.com.tr\/IT\/wp-content\/uploads\/2022\/08\/arge3.png\" alt=\"\" width=\"250\" height=\"250\" srcset=\"https:\/\/www.almesan.com.tr\/IT\/wp-content\/uploads\/2022\/08\/arge3.png 250w, https:\/\/www.almesan.com.tr\/IT\/wp-content\/uploads\/2022\/08\/arge3-150x150.png 150w\" sizes=\"auto, (max-width: 250px) 100vw, 250px\" \/><br \/>\n<\/strong><\/p>\n<p><strong>Processo<\/strong><\/p>\n<p>Vengono condotti studi di ricerca e sviluppo sulle tecniche e sui processi di produzione del gruppo di prodotti Almesan Aluminium, che vengono trasformati in prodotti che raggiungono il consumatore finale nelle strutture dei clienti. Processi pi\u00f9 efficienti, ecologici e a bassa impronta di carbonio sono tra le priorit\u00e0 di Almesan Aluminium. Vengono inoltre condotti studi congiunti con i clienti su tecniche di produzione alternative. La produzione alternativa e la riutilizzabilit\u00e0 di specifici materiali di consumo utilizzati nei processi produttivi sono altri importanti studi di R&amp;S sui processi.<\/p>\n<p>&nbsp;<\/p>\n<p><strong><img loading=\"lazy\" decoding=\"async\" class=\"alignright wp-image-4871 size-full\" src=\"https:\/\/www.almesan.com.tr\/IT\/wp-content\/uploads\/2022\/08\/arge7-1.png\" alt=\"\" width=\"250\" height=\"250\" srcset=\"https:\/\/www.almesan.com.tr\/IT\/wp-content\/uploads\/2022\/08\/arge7-1.png 250w, https:\/\/www.almesan.com.tr\/IT\/wp-content\/uploads\/2022\/08\/arge7-1-150x150.png 150w\" sizes=\"auto, (max-width: 250px) 100vw, 250px\" \/><br \/>\n<\/strong><\/p>\n<p><strong>Prodotto<\/strong><\/p>\n<p>Nell&#8217;uso dell&#8217;alluminio nei settori automobilistico, della difesa e aerospaziale, che oggi stanno diventando sempre pi\u00f9 importanti, le leghe speciali hanno la priorit\u00e0 in termini di resistenza meccanica. Vengono effettuati studi di ricerca e sviluppo per progettare queste leghe, creare processi produttivi e trasformarle nei prodotti desiderati dai clienti. Le parti oscillanti e le rondelle tecniche realizzate con leghe della serie 6xxx per il settore automobilistico hanno fornito un vantaggio operativo di oltre il 50% nelle fasi di processo delle aziende clienti.<\/p>\n<p>&nbsp;<\/p>\n<p><strong><img loading=\"lazy\" decoding=\"async\" class=\"alignleft wp-image-4867 size-full\" src=\"https:\/\/www.almesan.com.tr\/IT\/wp-content\/uploads\/2022\/08\/arge4.png\" alt=\"\" width=\"250\" height=\"250\" srcset=\"https:\/\/www.almesan.com.tr\/IT\/wp-content\/uploads\/2022\/08\/arge4.png 250w, https:\/\/www.almesan.com.tr\/IT\/wp-content\/uploads\/2022\/08\/arge4-150x150.png 150w\" sizes=\"auto, (max-width: 250px) 100vw, 250px\" \/><\/strong><\/p>\n<p><strong>Misurazione e valutazione<\/strong><\/p>\n<p>Almesan Aluminium utilizza metodi di monitoraggio, misurazione e valutazione in tutti i suoi studi di R&amp;S e innovazione. La composizione chimica viene determinata con uno spettrometro in laboratorio.<br \/>\nLe propriet\u00e0 meccaniche sono determinate con un tester multiuso di trazione-compressione e un dispositivo di misurazione della durezza. A seguito degli studi sui materiali, nel laboratorio prototipi vengono eseguiti studi su campioni leader per misurare l&#8217;effetto del corretto condizionamento e le prestazioni del prodotto finale.<\/p>\n","protected":false},"excerpt":{"rendered":"<p>&nbsp; Fin dalla sua fondazione, Almesan Aluminium Industry and Trade Inc. ha condotto studi intensivi sulla produzione di nuovi prodotti, sulla loro introduzione sul mercato e sull&#8217;applicazione di tecniche di produzione innovative alternative a quelle esistenti. In seguito a ci\u00f2, gli studi sul Centro di Ricerca e Sviluppo, nati come idea nel 2018, sono diventati&#8230; <\/p>\n<div class=\"clear\"><\/div>\n<p><a href=\"https:\/\/www.almesan.com.tr\/IT\/?page_id=3974\" class=\"excerpt-read-more\">Learn More<i class=\"fa fa-angle-double-right icon-double-angle-right\"><\/i><\/a><\/p>\n","protected":false},"author":1,"featured_media":0,"parent":0,"menu_order":0,"comment_status":"closed","ping_status":"closed","template":"","meta":{"footnotes":""},"class_list":["post-3974","page","type-page","status-publish","hentry","page_category-almesan"],"_links":{"self":[{"href":"https:\/\/www.almesan.com.tr\/IT\/index.php?rest_route=\/wp\/v2\/pages\/3974","targetHints":{"allow":["GET"]}}],"collection":[{"href":"https:\/\/www.almesan.com.tr\/IT\/index.php?rest_route=\/wp\/v2\/pages"}],"about":[{"href":"https:\/\/www.almesan.com.tr\/IT\/index.php?rest_route=\/wp\/v2\/types\/page"}],"author":[{"embeddable":true,"href":"https:\/\/www.almesan.com.tr\/IT\/index.php?rest_route=\/wp\/v2\/users\/1"}],"replies":[{"embeddable":true,"href":"https:\/\/www.almesan.com.tr\/IT\/index.php?rest_route=%2Fwp%2Fv2%2Fcomments&post=3974"}],"version-history":[{"count":10,"href":"https:\/\/www.almesan.com.tr\/IT\/index.php?rest_route=\/wp\/v2\/pages\/3974\/revisions"}],"predecessor-version":[{"id":5619,"href":"https:\/\/www.almesan.com.tr\/IT\/index.php?rest_route=\/wp\/v2\/pages\/3974\/revisions\/5619"}],"wp:attachment":[{"href":"https:\/\/www.almesan.com.tr\/IT\/index.php?rest_route=%2Fwp%2Fv2%2Fmedia&parent=3974"}],"curies":[{"name":"wp","href":"https:\/\/api.w.org\/{rel}","templated":true}]}}