{"id":3972,"date":"2022-07-06T11:33:43","date_gmt":"2022-07-06T11:33:43","guid":{"rendered":"https:\/\/almesan.optimumyazilim.com\/EN\/?page_id=3972"},"modified":"2024-05-27T12:06:34","modified_gmt":"2024-05-27T09:06:34","slug":"isbirlikleri-ve-uyelikler","status":"publish","type":"page","link":"https:\/\/www.almesan.com.tr\/IT\/?page_id=3972","title":{"rendered":"Etica aziendale"},"content":{"rendered":"<p><img loading=\"lazy\" decoding=\"async\" class=\"size-full wp-image-4823 alignright\" src=\"https:\/\/almesan.com.tr\/EN\/wp-content\/uploads\/2022\/08\/isetigi.png\" alt=\"\" width=\"106\" height=\"50\" \/><br \/>\n<img loading=\"lazy\" decoding=\"async\" class=\"alignnone wp-image-5165 size-full\" src=\"https:\/\/almesan.com.tr\/EN\/wp-content\/uploads\/2022\/09\/Is-Etigi-Ingilzce-Resim.png\" alt=\"\" width=\"890\" height=\"588\" srcset=\"https:\/\/www.almesan.com.tr\/IT\/wp-content\/uploads\/2022\/09\/Is-Etigi-Ingilzce-Resim.png 890w, https:\/\/www.almesan.com.tr\/IT\/wp-content\/uploads\/2022\/09\/Is-Etigi-Ingilzce-Resim-300x198.png 300w, https:\/\/www.almesan.com.tr\/IT\/wp-content\/uploads\/2022\/09\/Is-Etigi-Ingilzce-Resim-768x507.png 768w\" sizes=\"auto, (max-width: 890px) 100vw, 890px\" \/><\/p>\n<p>L&#8217;approccio di Almesan Aluminium all&#8217;etica aziendale si basa sui principi, accettati a livello globale, di affidabilit\u00e0, riservatezza, approccio gestionale di principio, moralit\u00e0 e responsabilit\u00e0.<\/p>\n<p>In Almesan Aluminium, l&#8217;approccio all&#8217;etica aziendale \u00e8 definito in modo chiaro ed esplicito. L&#8217;obiettivo \u00e8 proteggere l&#8217;immagine aziendale, garantire il rispetto delle norme legali, dei principi etici e professionali e delle regole universali in materia di anticorruzione.<\/p>\n<p>Oltre ai propri dipendenti, l&#8217;etica e le regole aziendali di Almesan Aluminium riguardano anche le societ\u00e0 e i dipendenti da cui si ricevono servizi di consulenza, advocacy e simili, le societ\u00e0 da cui si ricevono servizi esterni (fornitori, subappaltatori, ecc.) e i loro dipendenti.<\/p>\n<p>Almesan Aluminium ha adottato il principio del rispetto delle leggi e dei regolamenti in materia di corruzione, delle norme giuridiche universali e dei principi etici e professionali in tutti i Paesi in cui opera ed \u00e8 rappresentata. Nell&#8217;ambito di questo principio, agisce con un approccio di \u201ctolleranza zero\u201d contro la corruzione e si impegna a svolgere le proprie attivit\u00e0 in modo corretto, onesto e legale.<\/p>\n<p>In Almesan Al\u00fcminyum \u00e8 vietato offrire pagamenti o qualsiasi cosa di valore per ottenere un beneficio legale e non etico, anche se a favore di Almesan Al\u00fcminyum, per ottenere un beneficio analogo da altre istituzioni e persone, per mettere in atto qualsiasi tipo di comportamento illegale e non etico che possa essere considerato come corruzione o concussione, anche se tali pratiche sono comuni nel paese o nel ramo di attivit\u00e0 in cui opera l&#8217;azienda. Non \u00e8 importante se il valore finanziario del beneficio oggetto di corruzione o se viene fatto qualcosa per la controparte in cambio. Anche se il valore del beneficio \u00e8 molto basso o se l&#8217;offerta \u00e8 stata fatta ma l&#8217;impegno non \u00e8 ancora stato realizzato, si tratta di una violazione delle regole dell&#8217;etica aziendale e non pu\u00f2 essere tollerata.<\/p>\n<p>Vengono condotti programmi di formazione e sensibilizzazione per i dipendenti e i partner commerciali sui requisiti legali relativi al programma anticorruzione. Sono previsti canali di comunicazione sicuri e accessibili dove i dipendenti possono segnalare situazioni sospette.<\/p>\n<p>\u00c8 vietato qualsiasi pagamento per agevolare o accelerare qualsiasi lavoro. Nei rapporti con i terzi, i dipendenti non devono tollerare o permettere che la controparte offra, prometta, richieda, pretenda, dia o accetti. Non \u00e8 consentito offrire, promettere o dare, direttamente o indirettamente, doni, ospitalit\u00e0 o accoglienza o qualsiasi altro beneficio, estero o nazionale, a funzionari pubblici e governativi, senza le necessarie approvazioni (specifiche o generali per un certo livello di dono\/ospitalit\u00e0).<\/p>\n<p>Incontro o sospetto di corruzione e concussione<\/p>\n<p>Tutti i dipendenti di Almesan Aluminium sono tenuti a segnalare immediatamente al proprio responsabile qualsiasi situazione in cui si imbattono o che sospettano essere legata alla corruzione. Per tali casi;<\/p>\n<p>&#8211; Offrire una tangente al dipendente o a un collega,<br \/>\n&#8211; Rapporti di interesse e conflitti di interesse testimoniati o conosciuti,<br \/>\n&#8211; Irregolarit\u00e0 scoperte nei registri aziendali,<br \/>\n&#8211; Atteggiamenti e comportamenti riscontrati nelle gare d&#8217;appalto e negli acquisti, come favoritismi o vantaggi,<br \/>\n&#8211; Fornire vantaggi a clienti o fornitori in violazione delle norme di legge,<br \/>\n&#8211; Un esempio pu\u00f2 essere quello di costringere il dipendente stesso o i suoi colleghi a comportarsi in modo contrario ai testi scritti del codice etico aziendale da parte di qualsiasi istituzione o persona interna o esterna all&#8217;azienda.<\/p>\n<p>Sanzioni per comportamenti e atteggiamenti disobbedienti<\/p>\n<p>In caso di violazione del Codice etico aziendale e della Politica anticorruzione di Almesan Aluminium, possono essere comminate sanzioni che possono portare alla risoluzione del contratto di lavoro in base alle norme interne dell&#8217;azienda e sanzioni pi\u00f9 severe a seconda della situazione della violazione.<\/p>\n<p>&nbsp;<\/p>\n<p>&nbsp;<\/p>\n","protected":false},"excerpt":{"rendered":"<p>L&#8217;approccio di Almesan Aluminium all&#8217;etica aziendale si basa sui principi, accettati a livello globale, di affidabilit\u00e0, riservatezza, approccio gestionale di principio, moralit\u00e0 e responsabilit\u00e0. In Almesan Aluminium, l&#8217;approccio all&#8217;etica aziendale \u00e8 definito in modo chiaro ed esplicito. L&#8217;obiettivo \u00e8 proteggere l&#8217;immagine aziendale, garantire il rispetto delle norme legali, dei principi etici e professionali e delle&#8230; <\/p>\n<div class=\"clear\"><\/div>\n<p><a href=\"https:\/\/www.almesan.com.tr\/IT\/?page_id=3972\" class=\"excerpt-read-more\">Learn More<i class=\"fa fa-angle-double-right icon-double-angle-right\"><\/i><\/a><\/p>\n","protected":false},"author":1,"featured_media":0,"parent":0,"menu_order":0,"comment_status":"closed","ping_status":"closed","template":"","meta":{"footnotes":""},"class_list":["post-3972","page","type-page","status-publish","hentry","page_category-almesan"],"_links":{"self":[{"href":"https:\/\/www.almesan.com.tr\/IT\/index.php?rest_route=\/wp\/v2\/pages\/3972","targetHints":{"allow":["GET"]}}],"collection":[{"href":"https:\/\/www.almesan.com.tr\/IT\/index.php?rest_route=\/wp\/v2\/pages"}],"about":[{"href":"https:\/\/www.almesan.com.tr\/IT\/index.php?rest_route=\/wp\/v2\/types\/page"}],"author":[{"embeddable":true,"href":"https:\/\/www.almesan.com.tr\/IT\/index.php?rest_route=\/wp\/v2\/users\/1"}],"replies":[{"embeddable":true,"href":"https:\/\/www.almesan.com.tr\/IT\/index.php?rest_route=%2Fwp%2Fv2%2Fcomments&post=3972"}],"version-history":[{"count":10,"href":"https:\/\/www.almesan.com.tr\/IT\/index.php?rest_route=\/wp\/v2\/pages\/3972\/revisions"}],"predecessor-version":[{"id":5592,"href":"https:\/\/www.almesan.com.tr\/IT\/index.php?rest_route=\/wp\/v2\/pages\/3972\/revisions\/5592"}],"wp:attachment":[{"href":"https:\/\/www.almesan.com.tr\/IT\/index.php?rest_route=%2Fwp%2Fv2%2Fmedia&parent=3972"}],"curies":[{"name":"wp","href":"https:\/\/api.w.org\/{rel}","templated":true}]}}